{"id":996,"date":"2026-03-21T13:56:04","date_gmt":"2026-03-21T13:56:04","guid":{"rendered":"https:\/\/acidiomas.com\/?page_id=996"},"modified":"2026-03-25T11:31:43","modified_gmt":"2026-03-25T11:31:43","slug":"material-pedagogico","status":"publish","type":"page","link":"https:\/\/acidiomas.com\/fr\/material-pedagogico\/","title":{"rendered":"Mat\u00e9riel p\u00e9dagogique"},"content":{"rendered":"<div data-elementor-type=\"wp-page\" data-elementor-id=\"996\" class=\"elementor elementor-996\" data-elementor-post-type=\"page\">\n\t\t\t\t<div class=\"elementor-element elementor-element-d733784 e-con-full e-flex e-con e-child\" data-id=\"d733784\" data-element_type=\"container\" data-e-type=\"container\">\n\t\t<div class=\"elementor-element elementor-element-29117d7 e-con-full e-flex elementor-invisible e-con e-child\" data-id=\"29117d7\" data-element_type=\"container\" data-e-type=\"container\" data-settings=\"{&quot;background_background&quot;:&quot;classic&quot;,&quot;animation&quot;:&quot;fadeIn&quot;}\">\n\t\t\t\t<div class=\"elementor-element elementor-element-5f35951 elementor-widget elementor-widget-ltw_rich_text\" data-id=\"5f35951\" data-element_type=\"widget\" data-e-type=\"widget\" data-widget_type=\"ltw_rich_text.default\">\n\t\t\t\t<div class=\"elementor-widget-container\">\n\t\t\t\t\t        <div class=\"ltw-richtext\">\n            <p style=\"font-weight: 400;\"><em>En parcourant le menu de ce site web, vous trouverez une multitude de ressources pour \u00e9tudier et pratiquer la langue de votre choix au niveau qui vous correspond\u00a0:<\/em><\/p><p style=\"font-weight: 400;\"><span class=\"ltw-highlight\" style=\"background-color:#CE82FF;\"><span class=\"ltw-colored\" style=\"color:#fff;\">Mod\u00e8les d&#039;examen<\/span><\/span> avec des documents explicatifs sur les examens et la mani\u00e8re de les passer.<\/p><p style=\"font-weight: 400;\"><span class=\"ltw-highlight\" style=\"background-color:#FF9600;\"><span class=\"ltw-colored\" style=\"color:#fff;\">Listes de structures<\/span><\/span> avec des exemples accompagn\u00e9s de <strong>exercices<\/strong>\u00a0pour la pratique et l&#039;auto-\u00e9valuation.<\/p><p style=\"font-weight: 400;\"><span class=\"ltw-highlight\" style=\"background-color:#2BD9D9;\"><span class=\"ltw-colored\" style=\"color:#fff;\">Textes et enregistrements audio<\/span><\/span> pour s&#039;exercer \u00e0 la compr\u00e9hension \u00e9crite et orale, ou simplement pour lire et \u00e9couter des sujets vari\u00e9s.<\/p><p style=\"font-weight: 400;\"><span class=\"ltw-highlight\" style=\"background-color:#1CB0F6;\"><span class=\"ltw-colored\" style=\"color:#fff;\">Vocabulaire<\/span><\/span> sur divers sujets.<\/p><p style=\"font-weight: 400;\"><span class=\"ltw-highlight\" style=\"background-color:#FF86D0;\"><span class=\"ltw-colored\" style=\"color:#fff;\">Links<\/span><\/span> consulter d&#039;autres sites web ou des vid\u00e9os YouTube pour approfondir les sujets.<\/p>        <\/div>\n        \t\t\t\t<\/div>\n\t\t\t\t<\/div>\n\t\t\t\t<\/div>\n\t\t\t\t<div class=\"elementor-element elementor-element-c972b52 elementor-widget elementor-widget-heading\" data-id=\"c972b52\" data-element_type=\"widget\" data-e-type=\"widget\" data-widget_type=\"heading.default\">\n\t\t\t\t\t<h2 class=\"elementor-heading-title elementor-size-default\">Choisissez la langue que vous souhaitez am\u00e9liorer<\/h2>\t\t\t\t<\/div>\n\t\t<div class=\"elementor-element elementor-element-bf80a78 e-grid e-con-boxed e-con e-child\" data-id=\"bf80a78\" data-element_type=\"container\" data-e-type=\"container\">\n\t\t\t\t\t<div class=\"e-con-inner\">\n\t\t<a class=\"elementor-element elementor-element-f36fcb6 e-con-full caja e-flex e-con e-child\" data-id=\"f36fcb6\" data-element_type=\"container\" data-e-type=\"container\" data-settings=\"{&quot;background_background&quot;:&quot;classic&quot;}\" href=\"https:\/\/acidiomas.com\/fr\/frances\/\">\n\t\t\t\t<div class=\"elementor-element elementor-element-7a62785 elementor-widget elementor-widget-image\" data-id=\"7a62785\" data-element_type=\"widget\" data-e-type=\"widget\" data-widget_type=\"image.default\">\n\t\t\t\t\t\t\t\t\t\t\t\t\t\t\t<img fetchpriority=\"high\" decoding=\"async\" width=\"512\" height=\"512\" src=\"https:\/\/acidiomas.com\/wp-content\/uploads\/2026\/03\/fr.svg\" class=\"attachment-large size-large wp-image-883\" alt=\"fr\" \/>\t\t\t\t\t\t\t\t\t\t\t\t\t\t\t<\/div>\n\t\t<div class=\"elementor-element elementor-element-4ccc764 e-con-full e-flex e-con e-child\" data-id=\"4ccc764\" data-element_type=\"container\" data-e-type=\"container\">\n\t\t<div class=\"elementor-element elementor-element-569afe8 e-con-full e-flex e-con e-child\" data-id=\"569afe8\" data-element_type=\"container\" data-e-type=\"container\">\n\t\t\t\t<div class=\"elementor-element elementor-element-b45af51 box-title elementor-widget elementor-widget-heading\" data-id=\"b45af51\" data-element_type=\"widget\" data-e-type=\"widget\" data-widget_type=\"heading.default\">\n\t\t\t\t\t<span class=\"elementor-heading-title elementor-size-default\">Fran\u00e7ais<\/span>\t\t\t\t<\/div>\n\t\t\t\t<\/div>\n\t\t<div class=\"elementor-element elementor-element-f2f28ee e-con-full e-flex e-con e-child\" data-id=\"f2f28ee\" data-element_type=\"container\" data-e-type=\"container\">\n\t\t\t\t<div class=\"elementor-element elementor-element-0020b2b elementor-view-default elementor-widget elementor-widget-icon\" data-id=\"0020b2b\" data-element_type=\"widget\" data-e-type=\"widget\" data-widget_type=\"icon.default\">\n\t\t\t\t\t\t\t<div class=\"elementor-icon-wrapper\">\n\t\t\t<div class=\"elementor-icon\">\n\t\t\t<i aria-hidden=\"true\" class=\"xlio ion-md-arrow-forward\"><\/i>\t\t\t<\/div>\n\t\t<\/div>\n\t\t\t\t\t\t<\/div>\n\t\t\t\t<\/div>\n\t\t\t\t<\/div>\n\t\t\t\t<\/a>\n\t\t<a class=\"elementor-element elementor-element-e6720ed e-con-full caja e-flex e-con e-child\" data-id=\"e6720ed\" data-element_type=\"container\" data-e-type=\"container\" data-settings=\"{&quot;background_background&quot;:&quot;classic&quot;}\" href=\"https:\/\/acidiomas.com\/fr\/ingles\/\">\n\t\t\t\t<div class=\"elementor-element elementor-element-012762c elementor-widget elementor-widget-image\" data-id=\"012762c\" data-element_type=\"widget\" data-e-type=\"widget\" data-widget_type=\"image.default\">\n\t\t\t\t\t\t\t\t\t\t\t\t\t\t\t<img decoding=\"async\" width=\"512\" height=\"512\" src=\"https:\/\/acidiomas.com\/wp-content\/uploads\/2026\/03\/gb.svg\" class=\"attachment-large size-large wp-image-885\" alt=\"gb\" \/>\t\t\t\t\t\t\t\t\t\t\t\t\t\t\t<\/div>\n\t\t<div class=\"elementor-element elementor-element-acbf14d e-con-full e-flex e-con e-child\" data-id=\"acbf14d\" data-element_type=\"container\" data-e-type=\"container\">\n\t\t<div class=\"elementor-element elementor-element-f332f84 e-con-full e-flex e-con e-child\" data-id=\"f332f84\" data-element_type=\"container\" data-e-type=\"container\">\n\t\t\t\t<div class=\"elementor-element elementor-element-0a09da8 box-title elementor-widget elementor-widget-heading\" data-id=\"0a09da8\" data-element_type=\"widget\" data-e-type=\"widget\" data-widget_type=\"heading.default\">\n\t\t\t\t\t<span class=\"elementor-heading-title elementor-size-default\">Anglais<\/span>\t\t\t\t<\/div>\n\t\t\t\t<\/div>\n\t\t<div class=\"elementor-element elementor-element-a8a0331 e-con-full e-flex e-con e-child\" data-id=\"a8a0331\" data-element_type=\"container\" data-e-type=\"container\">\n\t\t\t\t<div class=\"elementor-element elementor-element-e9d8ff8 elementor-view-default elementor-widget elementor-widget-icon\" data-id=\"e9d8ff8\" data-element_type=\"widget\" data-e-type=\"widget\" data-widget_type=\"icon.default\">\n\t\t\t\t\t\t\t<div class=\"elementor-icon-wrapper\">\n\t\t\t<div class=\"elementor-icon\">\n\t\t\t<i aria-hidden=\"true\" class=\"xlio ion-md-arrow-forward\"><\/i>\t\t\t<\/div>\n\t\t<\/div>\n\t\t\t\t\t\t<\/div>\n\t\t\t\t<\/div>\n\t\t\t\t<\/div>\n\t\t\t\t<\/a>\n\t\t<a class=\"elementor-element elementor-element-911dbea e-con-full caja e-flex e-con e-child\" data-id=\"911dbea\" data-element_type=\"container\" data-e-type=\"container\" data-settings=\"{&quot;background_background&quot;:&quot;classic&quot;}\" href=\"https:\/\/acidiomas.com\/fr\/espanol\/\">\n\t\t\t\t<div class=\"elementor-element elementor-element-e7cf6d0 elementor-widget elementor-widget-image\" data-id=\"e7cf6d0\" data-element_type=\"widget\" data-e-type=\"widget\" data-widget_type=\"image.default\">\n\t\t\t\t\t\t\t\t\t\t\t\t\t\t\t<img decoding=\"async\" width=\"512\" height=\"512\" src=\"https:\/\/acidiomas.com\/wp-content\/uploads\/2026\/03\/es.svg\" class=\"attachment-large size-large wp-image-886\" alt=\"es\" \/>\t\t\t\t\t\t\t\t\t\t\t\t\t\t\t<\/div>\n\t\t<div class=\"elementor-element elementor-element-f6e49ac e-con-full e-flex e-con e-child\" data-id=\"f6e49ac\" data-element_type=\"container\" data-e-type=\"container\">\n\t\t<div class=\"elementor-element elementor-element-3e14499 e-con-full e-flex e-con e-child\" data-id=\"3e14499\" data-element_type=\"container\" data-e-type=\"container\">\n\t\t\t\t<div class=\"elementor-element elementor-element-e0b115c box-title elementor-widget elementor-widget-heading\" data-id=\"e0b115c\" data-element_type=\"widget\" data-e-type=\"widget\" data-widget_type=\"heading.default\">\n\t\t\t\t\t<span class=\"elementor-heading-title elementor-size-default\">Espagnol<\/span>\t\t\t\t<\/div>\n\t\t\t\t<\/div>\n\t\t<div class=\"elementor-element elementor-element-7671bac e-con-full e-flex e-con e-child\" data-id=\"7671bac\" data-element_type=\"container\" data-e-type=\"container\">\n\t\t\t\t<div class=\"elementor-element elementor-element-9d29de0 elementor-view-default elementor-widget elementor-widget-icon\" data-id=\"9d29de0\" data-element_type=\"widget\" data-e-type=\"widget\" data-widget_type=\"icon.default\">\n\t\t\t\t\t\t\t<div class=\"elementor-icon-wrapper\">\n\t\t\t<div class=\"elementor-icon\">\n\t\t\t<i aria-hidden=\"true\" class=\"xlio ion-md-arrow-forward\"><\/i>\t\t\t<\/div>\n\t\t<\/div>\n\t\t\t\t\t\t<\/div>\n\t\t\t\t<\/div>\n\t\t\t\t<\/div>\n\t\t\t\t<\/a>\n\t\t\t\t\t<\/div>\n\t\t\t\t<\/div>\n\t\t\t\t<\/div>\n\t\t\t\t<\/div>","protected":false},"excerpt":{"rendered":"<p>Navegando por el men\u00fa de esta p\u00e1gina web, podr\u00e1s encontrar una multitud de material para estudiar y practicar el idioma elegido al nivel que te corresponda: Modelos de ex\u00e1menes con documentos explicativos sobre los ex\u00e1menes y c\u00f3mo hacerlos. Listados de estructuras con ejemplos acompa\u00f1ados de ejercicios\u00a0para practicar y autoevaluarse. Textos y audios para practicar la [&hellip;]<\/p>\n","protected":false},"author":2,"featured_media":0,"parent":0,"menu_order":0,"comment_status":"closed","ping_status":"closed","template":"","meta":{"_acf_changed":false,"footnotes":""},"class_list":["post-996","page","type-page","status-publish","hentry"],"acf":[],"_links":{"self":[{"href":"https:\/\/acidiomas.com\/fr\/wp-json\/wp\/v2\/pages\/996","targetHints":{"allow":["GET"]}}],"collection":[{"href":"https:\/\/acidiomas.com\/fr\/wp-json\/wp\/v2\/pages"}],"about":[{"href":"https:\/\/acidiomas.com\/fr\/wp-json\/wp\/v2\/types\/page"}],"author":[{"embeddable":true,"href":"https:\/\/acidiomas.com\/fr\/wp-json\/wp\/v2\/users\/2"}],"replies":[{"embeddable":true,"href":"https:\/\/acidiomas.com\/fr\/wp-json\/wp\/v2\/comments?post=996"}],"version-history":[{"count":13,"href":"https:\/\/acidiomas.com\/fr\/wp-json\/wp\/v2\/pages\/996\/revisions"}],"predecessor-version":[{"id":1603,"href":"https:\/\/acidiomas.com\/fr\/wp-json\/wp\/v2\/pages\/996\/revisions\/1603"}],"wp:attachment":[{"href":"https:\/\/acidiomas.com\/fr\/wp-json\/wp\/v2\/media?parent=996"}],"curies":[{"name":"wp","href":"https:\/\/api.w.org\/{rel}","templated":true}]}}