{"id":994,"date":"2026-03-21T13:55:53","date_gmt":"2026-03-21T13:55:53","guid":{"rendered":"https:\/\/acidiomas.com\/?page_id=994"},"modified":"2026-03-25T11:50:42","modified_gmt":"2026-03-25T11:50:42","slug":"preparacion-para-los-examenes","status":"publish","type":"page","link":"https:\/\/acidiomas.com\/fr\/preparacion-para-los-examenes\/","title":{"rendered":"Pr\u00e9paration aux examens"},"content":{"rendered":"<div data-elementor-type=\"wp-page\" data-elementor-id=\"994\" class=\"elementor elementor-994\" data-elementor-post-type=\"page\">\n\t\t\t\t<div class=\"elementor-element elementor-element-0a3a453 e-con-full e-flex e-con e-child\" data-id=\"0a3a453\" data-element_type=\"container\" data-e-type=\"container\">\n\t\t\t\t<div class=\"elementor-element elementor-element-45573dd elementor-widget elementor-widget-ltw_rich_text\" data-id=\"45573dd\" data-element_type=\"widget\" data-e-type=\"widget\" data-widget_type=\"ltw_rich_text.default\">\n\t\t\t\t<div class=\"elementor-widget-container\">\n\t\t\t\t\t        <div class=\"ltw-richtext\">\n            <p style=\"font-weight: 400;\"><em>Si vous d\u00e9cidez de vous inscrire \u00e0 mes cours, nous pouvons vous pr\u00e9parer \u00e0 l&#039;examen de votre choix. J&#039;ai des ann\u00e9es d&#039;exp\u00e9rience dans la pr\u00e9paration de personnes de tous \u00e2ges et aux objectifs vari\u00e9s, et les r\u00e9sultats sont toujours tr\u00e8s satisfaisants.\u00a0<\/em><\/p><p style=\"font-weight: 400;\"><em>Vous trouverez ci-dessous les examens les plus courants pour chaque langue pour lesquels j&#039;ai pr\u00e9par\u00e9 mes \u00e9l\u00e8ves.<\/em><\/p>        <\/div>\n        \t\t\t\t<\/div>\n\t\t\t\t<\/div>\n\t\t\t\t<div class=\"elementor-element elementor-element-36fd05e elementor-widget elementor-widget-heading\" data-id=\"36fd05e\" data-element_type=\"widget\" data-e-type=\"widget\" data-widget_type=\"heading.default\">\n\t\t\t\t\t<h2 class=\"elementor-heading-title elementor-size-default\">Examens de fran\u00e7ais\n\n<\/h2>\t\t\t\t<\/div>\n\t\t<div class=\"elementor-element elementor-element-61b2d17 e-grid e-con-full e-con e-child\" data-id=\"61b2d17\" data-element_type=\"container\" data-e-type=\"container\">\n\t\t<div class=\"elementor-element elementor-element-9d61796 e-con-full e-flex elementor-invisible e-con e-child\" data-id=\"9d61796\" data-element_type=\"container\" data-e-type=\"container\" data-settings=\"{&quot;background_background&quot;:&quot;classic&quot;,&quot;animation&quot;:&quot;fadeIn&quot;}\">\n\t\t<div class=\"elementor-element elementor-element-a9b57db e-con-full e-flex e-con e-child\" data-id=\"a9b57db\" data-element_type=\"container\" data-e-type=\"container\">\n\t\t\t\t<div class=\"elementor-element elementor-element-eac8b2a elementor-widget elementor-widget-heading\" data-id=\"eac8b2a\" data-element_type=\"widget\" data-e-type=\"widget\" data-widget_type=\"heading.default\">\n\t\t\t\t\t<h3 class=\"elementor-heading-title elementor-size-default\">DELF  <span style=\"font-size: 14px;color: gray\">(niveau A1, A2, B1, B2)<\/span><\/h3>\t\t\t\t<\/div>\n\t\t\t\t<div class=\"elementor-element elementor-element-9de894a elementor-widget elementor-widget-text-editor\" data-id=\"9de894a\" data-element_type=\"widget\" data-e-type=\"widget\" data-widget_type=\"text-editor.default\">\n\t\t\t\t\t\t\t\t\t<p style=\"font-weight: 400;\"><strong>Le DELF,\u00a0<em>Dipl\u00f4me d&#039;\u00e9tudes en langue fran\u00e7aise<\/em><\/strong><em>\u00a0<\/em>Le dipl\u00f4me d&#039;\u00e9tudes de langue fran\u00e7aise (DELF) est la certification internationale officielle.\u00a0<strong>d\u00e9livr\u00e9 par\u00a0<\/strong><strong>le minist\u00e8re fran\u00e7ais de l&#039;\u00c9ducation nationale<\/strong>, pour certifier les comp\u00e9tences en langue fran\u00e7aise.<\/p><p style=\"font-weight: 400;\"><strong>Grand public ou \u00e9cole.<\/strong><\/p>\t\t\t\t\t\t\t\t<\/div>\n\t\t\t\t<\/div>\n\t\t\t\t<\/div>\n\t\t<div class=\"elementor-element elementor-element-7730e36 e-con-full e-flex elementor-invisible e-con e-child\" data-id=\"7730e36\" data-element_type=\"container\" data-e-type=\"container\" data-settings=\"{&quot;background_background&quot;:&quot;classic&quot;,&quot;animation&quot;:&quot;fadeIn&quot;}\">\n\t\t<div class=\"elementor-element elementor-element-ef4a50e e-con-full e-flex e-con e-child\" data-id=\"ef4a50e\" data-element_type=\"container\" data-e-type=\"container\">\n\t\t\t\t<div class=\"elementor-element elementor-element-9634704 elementor-widget elementor-widget-heading\" data-id=\"9634704\" data-element_type=\"widget\" data-e-type=\"widget\" data-widget_type=\"heading.default\">\n\t\t\t\t\t<h3 class=\"elementor-heading-title elementor-size-default\">DALF <span style=\"font-size: 14px;color: gray\">(niveau C1, C2)<\/span><\/h3>\t\t\t\t<\/div>\n\t\t\t\t<div class=\"elementor-element elementor-element-0893455 elementor-widget elementor-widget-text-editor\" data-id=\"0893455\" data-element_type=\"widget\" data-e-type=\"widget\" data-widget_type=\"text-editor.default\">\n\t\t\t\t\t\t\t\t\t<p style=\"font-weight: 400;\"><strong>Le DALF,\u00a0<\/strong><strong><em>Dipl\u00f4me approfondi de langue fran\u00e7aise<\/em><\/strong><em>\u00a0<\/em>(Dipl\u00f4me sup\u00e9rieur en langue fran\u00e7aise)<em>,<strong>\u00a0<\/strong><\/em>\u00a0Il s&#039;agit de la certification internationale officielle\u00a0<strong>publi\u00e9 par le minist\u00e8re fran\u00e7ais de l&#039;\u00c9ducation nationale<\/strong>, afin de certifier les comp\u00e9tences linguistiques en fran\u00e7ais des candidats \u00e9trangers.<\/p><p style=\"font-weight: 400;\">Adultes ou jeunes. D\u00e9conseill\u00e9 aux moins de 16 ans.<\/p>\t\t\t\t\t\t\t\t<\/div>\n\t\t\t\t<\/div>\n\t\t\t\t<\/div>\n\t\t<div class=\"elementor-element elementor-element-6e9a5e1 e-con-full e-flex elementor-invisible e-con e-child\" data-id=\"6e9a5e1\" data-element_type=\"container\" data-e-type=\"container\" data-settings=\"{&quot;background_background&quot;:&quot;classic&quot;,&quot;animation&quot;:&quot;fadeIn&quot;}\">\n\t\t<div class=\"elementor-element elementor-element-fa9eb0c e-con-full e-flex e-con e-child\" data-id=\"fa9eb0c\" data-element_type=\"container\" data-e-type=\"container\">\n\t\t\t\t<div class=\"elementor-element elementor-element-c13e21c elementor-widget elementor-widget-heading\" data-id=\"c13e21c\" data-element_type=\"widget\" data-e-type=\"widget\" data-widget_type=\"heading.default\">\n\t\t\t\t\t<h3 class=\"elementor-heading-title elementor-size-default\">TCF<\/h3>\t\t\t\t<\/div>\n\t\t\t\t<div class=\"elementor-element elementor-element-ae053c6 elementor-widget elementor-widget-text-editor\" data-id=\"ae053c6\" data-element_type=\"widget\" data-e-type=\"widget\" data-widget_type=\"text-editor.default\">\n\t\t\t\t\t\t\t\t\t<p style=\"font-weight: 400;\">Il\u00a0<strong>TCF,\u00a0<em>test de connaissances en fran\u00e7ais<\/em><\/strong>\u00a0(<em>test de connaissances en fran\u00e7ais<\/em>Le test de comp\u00e9tence linguistique du minist\u00e8re fran\u00e7ais de l&#039;\u00c9ducation nationale \u00e9value les comp\u00e9tences en fran\u00e7ais langue g\u00e9n\u00e9rale. Il est reconnu par la Direction de l&#039;enseignement sup\u00e9rieur, les autorit\u00e9s universitaires, les centres de formation linguistique et le monde professionnel.<\/p><p style=\"font-weight: 400;\">Le TCF est un test de comp\u00e9tence linguistique qui d\u00e9livre un certificat, et non un dipl\u00f4me. Comme tous les tests de langue, le TCF est valable deux ans, tandis que les dipl\u00f4mes sont valables ind\u00e9finiment.<\/p>\t\t\t\t\t\t\t\t<\/div>\n\t\t\t\t<\/div>\n\t\t\t\t<\/div>\n\t\t<div class=\"elementor-element elementor-element-2da296b e-con-full e-flex elementor-invisible e-con e-child\" data-id=\"2da296b\" data-element_type=\"container\" data-e-type=\"container\" data-settings=\"{&quot;background_background&quot;:&quot;classic&quot;,&quot;animation&quot;:&quot;fadeIn&quot;}\">\n\t\t<div class=\"elementor-element elementor-element-04459c8 e-con-full e-flex e-con e-child\" data-id=\"04459c8\" data-element_type=\"container\" data-e-type=\"container\">\n\t\t\t\t<div class=\"elementor-element elementor-element-791ad0b elementor-widget elementor-widget-heading\" data-id=\"791ad0b\" data-element_type=\"widget\" data-e-type=\"widget\" data-widget_type=\"heading.default\">\n\t\t\t\t\t<h3 class=\"elementor-heading-title elementor-size-default\">\u00c9cole de langues<\/h3>\t\t\t\t<\/div>\n\t\t\t\t<div class=\"elementor-element elementor-element-5349526 elementor-widget elementor-widget-text-editor\" data-id=\"5349526\" data-element_type=\"widget\" data-e-type=\"widget\" data-widget_type=\"text-editor.default\">\n\t\t\t\t\t\t\t\t\t<p style=\"font-weight: 400;\">Les \u00e9coles de langues officielles posent un probl\u00e8me\u00a0<b>Certificats officiels pour les niveaux A1 et A2 (niveau d\u00e9butant), B1 et B2 (niveau interm\u00e9diaire), C1 et C2 (niveau avanc\u00e9).<\/b>. Les certificats officiels enregistr\u00e9s au Registre central des titres sont valables, \u00e0 toutes fins utiles, sur l&#039;ensemble du territoire national.<\/p>\t\t\t\t\t\t\t\t<\/div>\n\t\t\t\t<\/div>\n\t\t\t\t<\/div>\n\t\t\t\t<\/div>\n\t\t\t\t<div class=\"elementor-element elementor-element-1d08bbf elementor-widget elementor-widget-heading\" data-id=\"1d08bbf\" data-element_type=\"widget\" data-e-type=\"widget\" data-widget_type=\"heading.default\">\n\t\t\t\t\t<h2 class=\"elementor-heading-title elementor-size-default\">Examens d&#039;anglais\n\n<\/h2>\t\t\t\t<\/div>\n\t\t<div class=\"elementor-element elementor-element-493bee0 e-grid e-con-full e-con e-child\" data-id=\"493bee0\" data-element_type=\"container\" data-e-type=\"container\">\n\t\t<div class=\"elementor-element elementor-element-5c9dab2 e-con-full e-flex elementor-invisible e-con e-child\" data-id=\"5c9dab2\" data-element_type=\"container\" data-e-type=\"container\" data-settings=\"{&quot;background_background&quot;:&quot;classic&quot;,&quot;animation&quot;:&quot;fadeIn&quot;}\">\n\t\t<div class=\"elementor-element elementor-element-a0f596f e-con-full e-flex e-con e-child\" data-id=\"a0f596f\" data-element_type=\"container\" data-e-type=\"container\">\n\t\t\t\t<div class=\"elementor-element elementor-element-5042e06 elementor-widget elementor-widget-heading\" data-id=\"5042e06\" data-element_type=\"widget\" data-e-type=\"widget\" data-widget_type=\"heading.default\">\n\t\t\t\t\t<h3 class=\"elementor-heading-title elementor-size-default\">Examens officiels de Cambridge<\/h3>\t\t\t\t<\/div>\n\t\t\t\t<div class=\"elementor-element elementor-element-f8f48ca elementor-widget elementor-widget-text-editor\" data-id=\"f8f48ca\" data-element_type=\"widget\" data-e-type=\"widget\" data-widget_type=\"text-editor.default\">\n\t\t\t\t\t\t\t\t\t<p style=\"font-weight: 400;\">Ce sont les examens les plus pris\u00e9s pour obtenir un dipl\u00f4me internationalement reconnu attestant des comp\u00e9tences en anglais. Du niveau A1 au niveau C1 (KET, PET, First Certificate, Advanced).<\/p><p style=\"font-weight: 400;\">Grand public ou \u00e9cole.<\/p>\t\t\t\t\t\t\t\t<\/div>\n\t\t\t\t<\/div>\n\t\t\t\t<\/div>\n\t\t<div class=\"elementor-element elementor-element-eb50578 e-con-full e-flex elementor-invisible e-con e-child\" data-id=\"eb50578\" data-element_type=\"container\" data-e-type=\"container\" data-settings=\"{&quot;background_background&quot;:&quot;classic&quot;,&quot;animation&quot;:&quot;fadeIn&quot;}\">\n\t\t<div class=\"elementor-element elementor-element-93efe46 e-con-full e-flex e-con e-child\" data-id=\"93efe46\" data-element_type=\"container\" data-e-type=\"container\">\n\t\t\t\t<div class=\"elementor-element elementor-element-7f57a77 elementor-widget elementor-widget-heading\" data-id=\"7f57a77\" data-element_type=\"widget\" data-e-type=\"widget\" data-widget_type=\"heading.default\">\n\t\t\t\t\t<h3 class=\"elementor-heading-title elementor-size-default\">\u00c9cole de langues<\/h3>\t\t\t\t<\/div>\n\t\t\t\t<div class=\"elementor-element elementor-element-859860c elementor-widget elementor-widget-text-editor\" data-id=\"859860c\" data-element_type=\"widget\" data-e-type=\"widget\" data-widget_type=\"text-editor.default\">\n\t\t\t\t\t\t\t\t\t<p style=\"font-weight: 400;\">Les \u00e9coles de langues officielles posent un probl\u00e8me\u00a0<strong>Certificats officiels pour les niveaux A1 et A2 (niveau d\u00e9butant), B1 et B2 (niveau interm\u00e9diaire), C1 et C2 (niveau avanc\u00e9).<\/strong>. Les certificats officiels enregistr\u00e9s au Registre central des titres sont valables, \u00e0 toutes fins utiles, sur l&#039;ensemble du territoire national.<\/p>\t\t\t\t\t\t\t\t<\/div>\n\t\t\t\t<\/div>\n\t\t\t\t<\/div>\n\t\t\t\t<\/div>\n\t\t\t\t<div class=\"elementor-element elementor-element-edeb982 elementor-widget elementor-widget-heading\" data-id=\"edeb982\" data-element_type=\"widget\" data-e-type=\"widget\" data-widget_type=\"heading.default\">\n\t\t\t\t\t<h2 class=\"elementor-heading-title elementor-size-default\">Examens d&#039;espagnol<\/h2>\t\t\t\t<\/div>\n\t\t<div class=\"elementor-element elementor-element-3e9c7c2 e-grid e-con-full e-con e-child\" data-id=\"3e9c7c2\" data-element_type=\"container\" data-e-type=\"container\">\n\t\t<div class=\"elementor-element elementor-element-9129ba2 e-con-full e-flex elementor-invisible e-con e-child\" data-id=\"9129ba2\" data-element_type=\"container\" data-e-type=\"container\" data-settings=\"{&quot;background_background&quot;:&quot;classic&quot;,&quot;animation&quot;:&quot;fadeIn&quot;}\">\n\t\t<div class=\"elementor-element elementor-element-c5cd38c e-con-full e-flex e-con e-child\" data-id=\"c5cd38c\" data-element_type=\"container\" data-e-type=\"container\">\n\t\t\t\t<div class=\"elementor-element elementor-element-a6e94d1 elementor-widget elementor-widget-heading\" data-id=\"a6e94d1\" data-element_type=\"widget\" data-e-type=\"widget\" data-widget_type=\"heading.default\">\n\t\t\t\t\t<h3 class=\"elementor-heading-title elementor-size-default\">DELE<\/h3>\t\t\t\t<\/div>\n\t\t\t\t<div class=\"elementor-element elementor-element-55c6c09 elementor-widget elementor-widget-text-editor\" data-id=\"55c6c09\" data-element_type=\"widget\" data-e-type=\"widget\" data-widget_type=\"text-editor.default\">\n\t\t\t\t\t\t\t\t\t<p style=\"font-weight: 400;\">Il\u00a0<strong>DELE,<\/strong><strong><em>\u00a0Dipl\u00f4me d&#039;\u00e9tudes en langue espagnole,<\/em><\/strong><em>\u00a0<\/em>Il s&#039;agit de la certification internationale officielle\u00a0<strong>d\u00e9livr\u00e9 par\u00a0<\/strong><strong>le minist\u00e8re fran\u00e7ais de l&#039;\u00c9ducation nationale<\/strong>, Pour certifier la ma\u00eetrise du fran\u00e7ais. C&#039;est l&#039;\u00e9quivalent du DELF fran\u00e7ais pour l&#039;espagnol.<\/p>\t\t\t\t\t\t\t\t<\/div>\n\t\t\t\t<\/div>\n\t\t\t\t<\/div>\n\t\t\t\t<\/div>\n\t\t\t\t<\/div>\n\t\t\t\t<\/div>","protected":false},"excerpt":{"rendered":"<p>Si decides darte de alta conmigo podremos preparar cualquier examen al que te interesar\u00eda presentarte. Llevo a\u00f1os preparando a personas de todas edades con diferentes objetivos y los resultados obtenidos han sido altamente satisfactorios.\u00a0 Puedes consultar m\u00e1s abajo los ex\u00e1menes m\u00e1s frecuentes por cada idioma para los cuales he preparado mis alumnos. Ex\u00e1menes de Franc\u00e9s [&hellip;]<\/p>\n","protected":false},"author":2,"featured_media":0,"parent":0,"menu_order":0,"comment_status":"closed","ping_status":"closed","template":"","meta":{"_acf_changed":false,"footnotes":""},"class_list":["post-994","page","type-page","status-publish","hentry"],"acf":[],"_links":{"self":[{"href":"https:\/\/acidiomas.com\/fr\/wp-json\/wp\/v2\/pages\/994","targetHints":{"allow":["GET"]}}],"collection":[{"href":"https:\/\/acidiomas.com\/fr\/wp-json\/wp\/v2\/pages"}],"about":[{"href":"https:\/\/acidiomas.com\/fr\/wp-json\/wp\/v2\/types\/page"}],"author":[{"embeddable":true,"href":"https:\/\/acidiomas.com\/fr\/wp-json\/wp\/v2\/users\/2"}],"replies":[{"embeddable":true,"href":"https:\/\/acidiomas.com\/fr\/wp-json\/wp\/v2\/comments?post=994"}],"version-history":[{"count":10,"href":"https:\/\/acidiomas.com\/fr\/wp-json\/wp\/v2\/pages\/994\/revisions"}],"predecessor-version":[{"id":1615,"href":"https:\/\/acidiomas.com\/fr\/wp-json\/wp\/v2\/pages\/994\/revisions\/1615"}],"wp:attachment":[{"href":"https:\/\/acidiomas.com\/fr\/wp-json\/wp\/v2\/media?parent=994"}],"curies":[{"name":"wp","href":"https:\/\/api.w.org\/{rel}","templated":true}]}}