{"id":2009,"date":"2026-04-08T10:24:36","date_gmt":"2026-04-08T10:24:36","guid":{"rendered":"https:\/\/acidiomas.com\/aviso-legal\/"},"modified":"2026-04-08T10:24:36","modified_gmt":"2026-04-08T10:24:36","slug":"aviso-legal","status":"publish","type":"page","link":"https:\/\/acidiomas.com\/fr\/aviso-legal\/","title":{"rendered":"Avis juridique"},"content":{"rendered":"<div class=\"ilp-legal-notice\">\n<p>Conform\u00e9ment aux obligations pr\u00e9vues par la loi 34\/2002 relative aux services de la soci\u00e9t\u00e9 de l\u2019information et au commerce \u00e9lectronique, je vous informe que\u00a0:<\/p>\n<h3>Informations d&#039;identification de la partie responsable<\/h3>\n<ul>\n<li>Nom de l&#039;entreprise: <strong>Aur\u00e9lien Pierre Marie Caillaud<\/strong><\/li>\n<li>NIF\u00a0: <strong>X3903723W<\/strong><\/li>\n<li>Activit\u00e9: <strong><\/strong><\/li>\n<li>Adresse \u00e9lectronique de contact\u00a0: <strong><a href=\"mailto:lepoun@hotmail.com\">lepoun@hotmail.com<\/a><\/strong><\/li>\n<\/ul>\n<h3>Acc\u00e8s et utilisation du site Web<\/h3>\n<p>L\u2019acc\u00e8s \u00e0 ce site web et\/ou son utilisation conf\u00e8rent le statut d\u2019UTILISATEUR et impliquent l\u2019acceptation des pr\u00e9sentes conditions d\u2019utilisation. La simple utilisation du site web n\u2019implique pas le d\u00e9but d\u2019une relation de travail ou commerciale entre l\u2019utilisateur et le site web. <strong>Aur\u00e9lien Pierre Marie Caillaud<\/strong> et l&#039;utilisateur.<\/p>\n<p>L&#039;acc\u00e8s au site Web et toute utilisation non autoris\u00e9e des informations qu&#039;il contient rel\u00e8vent de la seule responsabilit\u00e9 de la personne qui y acc\u00e8de.<\/p>\n<p>L\u2019utilisateur accepte d\u2019utiliser le contenu, les informations et les donn\u00e9es du site Web conform\u00e9ment aux pr\u00e9sentes conditions g\u00e9n\u00e9rales et politiques, \u00e0 la r\u00e9glementation applicable et aux bonnes m\u0153urs et \u00e0 l\u2019ordre public g\u00e9n\u00e9ralement accept\u00e9s.<\/p>\n<p>L&#039;utilisateur s&#039;engage \u00e0 ne pas utiliser le contenu du site Web \u00e0 des fins illicites, interdites ou contraires \u00e0 la loi, ni \u00e0 des fins portant atteinte aux droits et int\u00e9r\u00eats d&#039;autrui. <strong>Aur\u00e9lien Pierre Marie Caillaud<\/strong>, d&#039;autres utilisateurs, de tiers ou qui pourraient de quelque mani\u00e8re que ce soit endommager, d\u00e9sactiver, surcharger ou alt\u00e9rer ce site Web ou emp\u00eacher son utilisation ou sa jouissance normale par les utilisateurs.<\/p>\n<h3>Exclusion de garanties et de responsabilit\u00e9<\/h3>\n<p><strong>Aur\u00e9lien Pierre Marie Caillaud<\/strong> ne sera pas responsable des cons\u00e9quences, dommages ou pertes pouvant r\u00e9sulter de cet acc\u00e8s ou de cette utilisation, ou de la violation des pr\u00e9sentes conditions g\u00e9n\u00e9rales et politiques, ni des erreurs de s\u00e9curit\u00e9 pouvant survenir ou des dommages pouvant \u00eatre caus\u00e9s au syst\u00e8me informatique de l&#039;utilisateur (mat\u00e9riel et logiciel) ou aux fichiers et documents qui y sont stock\u00e9s, en raison\u00a0: (i) de la pr\u00e9sence d&#039;un virus sur l&#039;ordinateur de l&#039;utilisateur utilis\u00e9 pour se connecter aux services et\/ou produits propos\u00e9s par <strong>Aur\u00e9lien Pierre Marie Caillaud<\/strong> par le biais de son site Web ; (ii) un dysfonctionnement du navigateur ; (iii) l\u2019utilisation de versions obsol\u00e8tes du navigateur.<\/p>\n<p>Ce site Web n&#039;est pas destin\u00e9 aux mineurs ; par cons\u00e9quent, le fournisseur d\u00e9cline toute responsabilit\u00e9 en cas de non-respect de cette exigence.<\/p>\n<h3>Propri\u00e9t\u00e9 intellectuelle et industrielle<\/h3>\n<p>L&#039;utilisateur reconna\u00eet et accepte que tous les droits de propri\u00e9t\u00e9 industrielle et intellectuelle sur le contenu et\/ou tout autre \u00e9l\u00e9ment ins\u00e9r\u00e9 par <strong>Aur\u00e9lien Pierre Marie Caillaud<\/strong> L&#039;ensemble des \u00e9l\u00e9ments pr\u00e9sents sur ce site Web (y compris, mais sans s&#039;y limiter, tous les \u00e9l\u00e9ments qui composent son apparence visuelle, son image graphique et autres stimuli sensoriels, ou son \u00ab aspect et son ergonomie \u00bb\u00a0: marques de commerce, logos, noms commerciaux, textes, images, graphismes, conceptions, sons, bases de donn\u00e9es, logiciels, organigrammes, pr\u00e9sentation, architecture de navigation, ainsi que le code source des pages Web) appartiennent \u00e0 <strong>Aur\u00e9lien Pierre Marie Caillaud<\/strong> et\/ou \u00e0 des tiers auxquels ils ont c\u00e9d\u00e9 leurs droits.<\/p>\n<p>L&#039;acc\u00e8s au Site Web n&#039;implique en aucun cas une autorisation, une renonciation, un transfert, une licence ou une cession, totale ou partielle, des droits y aff\u00e9rents, par leurs propri\u00e9taires, sauf mention expresse contraire. Les pr\u00e9sentes conditions d&#039;utilisation du Site Web n&#039;accordent aux UTILISATEURS aucun droit d&#039;utiliser, de modifier, d&#039;exploiter, de reproduire, de distribuer ou de communiquer publiquement le Site Web et\/ou son contenu, autres que ceux express\u00e9ment pr\u00e9vus aux pr\u00e9sentes.<\/p>\n<p>L\u2019utilisation de ces \u00e9l\u00e9ments, leur reproduction totale ou partielle, leur communication et\/ou leur distribution \u00e0 des fins commerciales ou lucratives, ainsi que leur modification, alt\u00e9ration, d\u00e9compilation et\/ou tout autre acte d\u2019exploitation du Site Web, sont strictement interdits.<\/p>\n<p>Nonobstant ce qui pr\u00e9c\u00e8de, si l&#039;Utilisateur ou un tiers estime qu&#039;un contenu du Site Web est susceptible de porter atteinte aux droits de propri\u00e9t\u00e9 intellectuelle et industrielle, veuillez nous en informer d\u00e8s que possible par courriel. <a href=\"mailto:lepoun@hotmail.com\">lepoun@hotmail.com<\/a><\/p>\n<h3>Politique relative aux liens<\/h3>\n<p>Ce site Web peut contenir des liens vers d&#039;autres pages ou sites Web. <strong>Aur\u00e9lien Pierre Marie Caillaud<\/strong> Elle n&#039;est pas responsable du contenu ni des mesures de s\u00e9curit\u00e9 adopt\u00e9es par toute autre page ou site web par lequel l&#039;acc\u00e8s est obtenu \u00e0 partir de ce site web, sites auxquels la partie int\u00e9ress\u00e9e acc\u00e8de sous sa seule responsabilit\u00e9.<\/p>\n<p>De m\u00eame, l&#039;absence de virus ou d&#039;autres \u00e9l\u00e9ments dans le contenu li\u00e9 au site Web susceptibles d&#039;alt\u00e9rer le syst\u00e8me informatique (mat\u00e9riel et logiciel) et\/ou les documents ou fichiers de l&#039;utilisateur n&#039;est pas garantie, y compris dans le cas contraire. <strong>Aur\u00e9lien Pierre Marie Caillaud<\/strong> de toute responsabilit\u00e9 d\u00e9coulant de dommages de toute nature caus\u00e9s par ce qui pr\u00e9c\u00e8de.<\/p>\n<h3>Protection des donn\u00e9es<\/h3>\n<p>Conform\u00e9ment aux dispositions de la loi organique 15\/1999 relative \u00e0 la protection des donn\u00e9es personnelles (LOPD) et au d\u00e9cret royal 1720\/2007 du 21 d\u00e9cembre portant approbation du r\u00e8glement d&#039;application de la loi organique 15\/1999 du 13 d\u00e9cembre relative \u00e0 la protection des donn\u00e9es personnelles (RDLOPD), <strong>Aur\u00e9lien Pierre Marie Caillaud<\/strong> Elle s\u2019engage \u00e0 adopter les mesures techniques et organisationnelles n\u00e9cessaires, en fonction du niveau de s\u00e9curit\u00e9 des donn\u00e9es collect\u00e9es, afin de garantir la s\u00e9curit\u00e9 des donn\u00e9es personnelles et d\u2019emp\u00eacher leur alt\u00e9ration, leur perte, leur traitement non autoris\u00e9 ou leur acc\u00e8s non autoris\u00e9.<\/p>\n<p>Conform\u00e9ment aux dispositions de l&#039;article 5 de la LOPD, l&#039;Utilisateur est inform\u00e9 que les donn\u00e9es personnelles collect\u00e9es par le Prestataire, via les formulaires disponibles sur ses pages, seront enregistr\u00e9es dans un fichier automatis\u00e9 sous la responsabilit\u00e9 de <strong>Aur\u00e9lien Pierre Marie Caillaud<\/strong>, et d\u00fbment d\u00e9clar\u00e9es et enregistr\u00e9es au Registre g\u00e9n\u00e9ral de l&#039;Agence de protection des donn\u00e9es, afin de faciliter, d&#039;acc\u00e9l\u00e9rer et de remplir les engagements pris entre les deux parties ou le maintien de la relation \u00e9tablie dans les formulaires que vous signez ou de r\u00e9pondre \u00e0 une demande ou \u00e0 une question.<\/p>\n<p>Sauf avis contraire de l&#039;Utilisateur, il sera consid\u00e9r\u00e9 que ses donn\u00e9es n&#039;ont pas \u00e9t\u00e9 modifi\u00e9es, que l&#039;Utilisateur s&#039;engage \u00e0 signaler tout changement et qu&#039;il consent \u00e0 leur utilisation aux fins sp\u00e9cifiques, explicites et l\u00e9gitimes pour lesquelles elles ont \u00e9t\u00e9 collect\u00e9es. Elles pourront \u00e9galement \u00eatre utilis\u00e9es \u00e0 des fins commerciales, notamment la personnalisation, les analyses op\u00e9rationnelles et statistiques, ainsi que les activit\u00e9s li\u00e9es \u00e0 l&#039;objet social du Prestataire, avec l&#039;autorisation expresse de l&#039;Utilisateur [Nom du Prestataire\/de l&#039;Entreprise\/de l&#039;Organisation]. <strong>Aur\u00e9lien Pierre Marie Caillaud<\/strong> pour l\u2019extraction, le stockage des donn\u00e9es et les \u00e9tudes de march\u00e9 afin d\u2019adapter le contenu propos\u00e9 \u00e0 l\u2019utilisateur et ainsi am\u00e9liorer la qualit\u00e9, le fonctionnement et la navigation du site web.<\/p>\n<p>De m\u00eame, l\u2019Utilisateur a la possibilit\u00e9 \u00e0 tout moment de modifier, d\u2019\u00e9diter ou de supprimer les informations fournies, ainsi que de g\u00e9rer sa d\u00e9sinscription directement ou en envoyant une demande au contact indiqu\u00e9 dans la section des adresses de contact. <strong>Aur\u00e9lien Pierre Marie Caillaud<\/strong> ainsi qu&#039;une copie de votre carte d&#039;identit\u00e9 ou une preuve d&#039;identit\u00e9 \u00e9quivalente.<\/p>\n<p>Vous pouvez \u00e9galement vous d\u00e9sabonner via le lien qui appara\u00eetra \u00e0 la fin de chaque newsletter.<\/p>\n<h3>Modification des conditions g\u00e9n\u00e9rales d&#039;utilisation, de la politique de confidentialit\u00e9 et de la protection des donn\u00e9es<\/h3>\n<p><strong>Aur\u00e9lien Pierre Marie Caillaud<\/strong> La soci\u00e9t\u00e9 se r\u00e9serve le droit de modifier \u00e0 tout moment et sans pr\u00e9avis les pr\u00e9sentes conditions g\u00e9n\u00e9rales d&#039;utilisation et la politique de confidentialit\u00e9 afin de les adapter \u00e0 la nouvelle l\u00e9gislation ou \u00e0 la jurisprudence, ainsi qu&#039;aux \u00e9volutions ou pratiques du secteur. L&#039;utilisateur est tenu de consulter r\u00e9guli\u00e8rement ces conditions g\u00e9n\u00e9rales d&#039;utilisation et politiques afin de v\u00e9rifier l&#039;existence de modifications, en prenant comme r\u00e9f\u00e9rence la date de la derni\u00e8re mise \u00e0 jour.<\/p>\n<h3>Droit applicable et juridiction<\/h3>\n<p>La relation entre <strong>Aur\u00e9lien Pierre Marie Caillaud<\/strong> L\u2019UTILISATEUR sera soumis \u00e0 la r\u00e9glementation espagnole en vigueur et tout litige sera port\u00e9 devant les tribunaux, sauf disposition contraire de la loi applicable.<\/p>\n<p><em>Derni\u00e8re mise \u00e0 jour : 8 avril 2026<\/em><\/p>\n<\/div>","protected":false},"excerpt":{"rendered":"<p>En virtud de las obligaciones establecidas por la Ley 34\/2002, de Servicios de la Sociedad de la Informaci\u00f3n y de Comercio Electr\u00f3nico, te informo que: Datos identificativo del responsable Denominaci\u00f3n social: Aur\u00e9lien Pierre Marie Caillaud NIF: X3903723W Actividad social: Email de contacto: lepoun@hotmail.com Acceso y Uso del Sitio Web El acceso y\/o el uso de [&hellip;]<\/p>\n","protected":false},"author":2,"featured_media":0,"parent":0,"menu_order":0,"comment_status":"closed","ping_status":"closed","template":"","meta":{"_acf_changed":false,"footnotes":""},"class_list":["post-2009","page","type-page","status-publish","hentry"],"acf":[],"_links":{"self":[{"href":"https:\/\/acidiomas.com\/fr\/wp-json\/wp\/v2\/pages\/2009","targetHints":{"allow":["GET"]}}],"collection":[{"href":"https:\/\/acidiomas.com\/fr\/wp-json\/wp\/v2\/pages"}],"about":[{"href":"https:\/\/acidiomas.com\/fr\/wp-json\/wp\/v2\/types\/page"}],"author":[{"embeddable":true,"href":"https:\/\/acidiomas.com\/fr\/wp-json\/wp\/v2\/users\/2"}],"replies":[{"embeddable":true,"href":"https:\/\/acidiomas.com\/fr\/wp-json\/wp\/v2\/comments?post=2009"}],"version-history":[{"count":0,"href":"https:\/\/acidiomas.com\/fr\/wp-json\/wp\/v2\/pages\/2009\/revisions"}],"wp:attachment":[{"href":"https:\/\/acidiomas.com\/fr\/wp-json\/wp\/v2\/media?parent=2009"}],"curies":[{"name":"wp","href":"https:\/\/api.w.org\/{rel}","templated":true}]}}