{"id":2007,"date":"2026-04-08T10:24:30","date_gmt":"2026-04-08T10:24:30","guid":{"rendered":"https:\/\/acidiomas.com\/politica-de-privacidad\/"},"modified":"2026-04-08T10:24:30","modified_gmt":"2026-04-08T10:24:30","slug":"politica-de-privacidad","status":"publish","type":"page","link":"https:\/\/acidiomas.com\/fr\/politica-de-privacidad\/","title":{"rendered":"politique de confidentialit\u00e9"},"content":{"rendered":"<div class=\"ilp-privacy-policy\">\n<p><strong>Aur\u00e9lien Pierre Marie Caillaud<\/strong>, en tant que propri\u00e9taire de ce site web, a adapt\u00e9 ce site aux exigences de la LOPD (Loi organique sur la protection des donn\u00e9es) et de la LSSI-CE (Loi sur la soci\u00e9t\u00e9 de l&#039;information et le commerce \u00e9lectronique).<\/p>\n<p>Conform\u00e9ment aux dispositions de la loi organique 15\/1999 du 13 d\u00e9cembre relative \u00e0 la protection des donn\u00e9es personnelles, <strong>Aur\u00e9lien Pierre Marie Caillaud<\/strong>, avec NIF\u00a0: <strong>X3903723W<\/strong>, informe l&#039;Utilisateur qu&#039;elle poss\u00e8de un fichier \u00ab Utilisateurs et abonn\u00e9s du site web \u00bb enregistr\u00e9 aupr\u00e8s du RGPD (Registre g\u00e9n\u00e9ral de la protection des donn\u00e9es), dans lequel leurs donn\u00e9es sont int\u00e9gr\u00e9es et trait\u00e9es afin de fournir les services demand\u00e9s et de leur envoyer des informations sur notre soci\u00e9t\u00e9 susceptibles de les int\u00e9resser.<\/p>\n<p><strong>Aur\u00e9lien Pierre Marie Caillaud<\/strong> a adopt\u00e9 toutes les mesures techniques et organisationnelles n\u00e9cessaires pour garantir la s\u00e9curit\u00e9 et l\u2019int\u00e9grit\u00e9 des donn\u00e9es personnelles qu\u2019elle traite, ainsi que pour emp\u00eacher leur perte, leur alt\u00e9ration et\/ou leur acc\u00e8s par des tiers non autoris\u00e9s.<\/p>\n<h3>Finalit\u00e9 de la collecte des donn\u00e9es et consentement au traitement<\/h3>\n<p>L\u2019Utilisateur est inform\u00e9, conform\u00e9ment \u00e0 l\u2019article 5 de la LOPD, que, par le biais des formulaires de contact ou des abonnements, des donn\u00e9es sont collect\u00e9es et stock\u00e9es dans le fichier susmentionn\u00e9, aux fins suivantes\u00a0:<\/p>\n<ul>\n<li>Envoyer la newsletter du site web.<\/li>\n<li>Pour traiter les commandes, les demandes ou tout type de requ\u00eate formul\u00e9e par l&#039;utilisateur via l&#039;un des moyens de contact disponibles sur le site Web.<\/li>\n<li>Envoi de communications publicitaires commerciales par courriel relatives aux produits ou services offerts par <strong>Aur\u00e9lien Pierre Marie Caillaud<\/strong>, ainsi que par des collaborateurs ou partenaires avec lesquels le Prestataire a conclu un accord de promotion commerciale pour ses clients. Dans ce cas, les tiers n&#039;auront jamais acc\u00e8s aux donn\u00e9es personnelles. Quoi qu&#039;il en soit, les communications commerciales seront envoy\u00e9es par le Prestataire et concerneront les produits et services li\u00e9s \u00e0 son secteur d&#039;activit\u00e9.<\/li>\n<li>R\u00e9aliser des \u00e9tudes statistiques.<\/li>\n<\/ul>\n<p>Les donn\u00e9es demand\u00e9es via le site web sont obligatoires, car elles sont n\u00e9cessaires pour offrir \u00e0 l&#039;utilisateur un service optimal. Si toutes les donn\u00e9es ne sont pas fournies, le fournisseur ne peut garantir que les informations et les services propos\u00e9s seront parfaitement adapt\u00e9s aux besoins de l&#039;utilisateur.<\/p>\n<p>L\u2019Utilisateur est seul responsable de la v\u00e9racit\u00e9 et de l\u2019exactitude des donn\u00e9es transmises au fournisseur, d\u00e9gageant ce dernier de toute responsabilit\u00e9 \u00e0 cet \u00e9gard. L\u2019Utilisateur garantit et est responsable, en tout \u00e9tat de cause, de l\u2019exactitude, de la validit\u00e9 et de l\u2019authenticit\u00e9 des donn\u00e9es personnelles fournies et s\u2019engage \u00e0 les tenir \u00e0 jour. L\u2019Utilisateur s\u2019engage \u00e0 fournir des informations compl\u00e8tes et exactes sur le formulaire de contact ou d\u2019inscription.<\/p>\n<p>L\u2019acceptation de la politique de confidentialit\u00e9, par le biais de la proc\u00e9dure d\u2019inscription \u00e9tablie, sera consid\u00e9r\u00e9e \u00e0 toutes fins utiles comme la fourniture du CONSENTEMENT TACITE ET SANS \u00c9QUIVALENCE de l\u2019Utilisateur au traitement des donn\u00e9es personnelles selon les modalit\u00e9s \u00e9nonc\u00e9es dans le pr\u00e9sent document, ainsi qu\u2019au transfert international de donn\u00e9es qui a lieu, exclusivement en raison de la localisation des installations des prestataires de services et des sous-traitants de donn\u00e9es.<\/p>\n<h3>Exercice des droits ARCO\u00a0: acc\u00e8s, rectification, annulation et opposition<\/h3>\n<p>L\u2019Utilisateur peut adresser ses communications et exercer ses droits d\u2019acc\u00e8s, de rectification, d\u2019effacement et d\u2019opposition par courrier \u00e9lectronique\u00a0: <a href=\"mailto:lepoun@hotmail.com\"><strong>lepoun@hotmail.com<\/strong><\/a> ainsi qu&#039;une preuve l\u00e9galement valable, telle qu&#039;une photocopie de votre carte d&#039;identit\u00e9 ou \u00e9quivalent, en indiquant \u00ab Protection des donn\u00e9es \u00bb dans l&#039;objet.<\/p>\n<p>De m\u00eame, l&#039;Utilisateur peut se d\u00e9sabonner de n&#039;importe quel service d&#039;abonnement propos\u00e9 en cliquant sur le lien de d\u00e9sabonnement figurant dans tous les courriels envoy\u00e9s par le fournisseur.<\/p>\n<p>Si vous recevez les courriels mentionn\u00e9s ci-dessus, c&#039;est parce que vous avez donn\u00e9 votre autorisation pr\u00e9alable, car le fournisseur ne pratique pas le spam.<\/p>\n<h3>Responsables du traitement des donn\u00e9es et sous-traitants<\/h3>\n<p>La personne responsable du fichier est <strong>Aur\u00e9lien Pierre Marie Caillaud<\/strong>.<\/p>\n<p><strong>Les responsables du traitement\u00a0:<\/strong><\/p>\n<ul>\n<li><strong>H\u00e9bergement :<\/strong> IP CORPORATE SOLUTIONS, SL (SCIP ou Don Dominio), dont le si\u00e8ge social est situ\u00e9 Ronda del Carme, n\u00ba 8, 5\u00ba B, 27004 Lugo. La politique de confidentialit\u00e9 et les autres mentions l\u00e9gales de la soci\u00e9t\u00e9 sont disponibles via le lien suivant\u00a0: <a href=\"https:\/\/www.dondominio.com\/es\/legal\/1\/aviso-legal\/\" target=\"_blank\" rel=\"noopener\">https:\/\/www.dondominio.com\/es\/legal\/1\/aviso-legal\/<\/a><\/li>\n<\/ul>\n<h3>r\u00e9seaux sociaux<\/h3>\n<p><strong>Aur\u00e9lien Pierre Marie Caillaud<\/strong> Ce site web propose aux utilisateurs des liens et des services li\u00e9s \u00e0 diff\u00e9rents r\u00e9seaux sociaux. Par cons\u00e9quent, si vous \u00eates membre d&#039;un r\u00e9seau social et que vous cliquez sur le lien correspondant, le fournisseur du r\u00e9seau social peut associer les donn\u00e9es de votre profil aux informations relatives \u00e0 votre visite sur ce site web.<\/p>\n<p>Vous pouvez consulter \u00e0 tout moment les politiques de confidentialit\u00e9 des diff\u00e9rents r\u00e9seaux sociaux et configurer votre profil pour garantir votre confidentialit\u00e9\u00a0:<\/p>\n<ul>\n<li><strong>Facebook\u00a0:<\/strong> <a href=\"https:\/\/www.facebook.com\/about\/privacy\/\" target=\"_blank\" rel=\"noopener\">https:\/\/www.facebook.com\/about\/privacy\/<\/a><\/li>\n<li><strong>Gazouillement:<\/strong> <a href=\"https:\/\/twitter.com\/es\/privacy\" target=\"_blank\" rel=\"noopener\">https:\/\/twitter.com\/es\/privacy<\/a><\/li>\n<li><strong>LinkedIn\u00a0:<\/strong> <a href=\"https:\/\/www.linkedin.com\/legal\/privacy-policy\" target=\"_blank\" rel=\"noopener\">https:\/\/www.linkedin.com\/legal\/privacy-policy<\/a><\/li>\n<\/ul>\n<h3>Modification de la politique de confidentialit\u00e9<\/h3>\n<p><strong>Aur\u00e9lien Pierre Marie Caillaud<\/strong> Le fournisseur se r\u00e9serve le droit de modifier la pr\u00e9sente politique afin de l&#039;adapter \u00e0 la l\u00e9gislation, \u00e0 la jurisprudence et aux pratiques du secteur. Le cas \u00e9ch\u00e9ant, il publiera les modifications sur cette page dans un d\u00e9lai raisonnable avant leur entr\u00e9e en vigueur.<\/p>\n<p><em>Derni\u00e8re mise \u00e0 jour : 8 avril 2026<\/em><\/p>\n<\/div>","protected":false},"excerpt":{"rendered":"<p>Aur\u00e9lien Pierre Marie Caillaud, como responsable del presente Sitio Web, ha adecuado esta web a las exigencias de la LOPD (Ley Org\u00e1nica de Protecci\u00f3n de Datos) y a la LSSI-CE (Ley de la Sociedad de la informaci\u00f3n y el Comercio Electr\u00f3nico). De conformidad con lo dispuesto en la Ley Org\u00e1nica 15\/1999, de 13 de diciembre, [&hellip;]<\/p>\n","protected":false},"author":2,"featured_media":0,"parent":0,"menu_order":0,"comment_status":"closed","ping_status":"closed","template":"","meta":{"_acf_changed":false,"footnotes":""},"class_list":["post-2007","page","type-page","status-publish","hentry"],"acf":[],"_links":{"self":[{"href":"https:\/\/acidiomas.com\/fr\/wp-json\/wp\/v2\/pages\/2007","targetHints":{"allow":["GET"]}}],"collection":[{"href":"https:\/\/acidiomas.com\/fr\/wp-json\/wp\/v2\/pages"}],"about":[{"href":"https:\/\/acidiomas.com\/fr\/wp-json\/wp\/v2\/types\/page"}],"author":[{"embeddable":true,"href":"https:\/\/acidiomas.com\/fr\/wp-json\/wp\/v2\/users\/2"}],"replies":[{"embeddable":true,"href":"https:\/\/acidiomas.com\/fr\/wp-json\/wp\/v2\/comments?post=2007"}],"version-history":[{"count":0,"href":"https:\/\/acidiomas.com\/fr\/wp-json\/wp\/v2\/pages\/2007\/revisions"}],"wp:attachment":[{"href":"https:\/\/acidiomas.com\/fr\/wp-json\/wp\/v2\/media?parent=2007"}],"curies":[{"name":"wp","href":"https:\/\/api.w.org\/{rel}","templated":true}]}}