{"id":994,"date":"2026-03-21T13:55:53","date_gmt":"2026-03-21T13:55:53","guid":{"rendered":"https:\/\/acidiomas.com\/?page_id=994"},"modified":"2026-03-25T11:50:42","modified_gmt":"2026-03-25T11:50:42","slug":"preparacion-para-los-examenes","status":"publish","type":"page","link":"https:\/\/acidiomas.com\/en\/preparacion-para-los-examenes\/","title":{"rendered":"Exam preparation"},"content":{"rendered":"<div data-elementor-type=\"wp-page\" data-elementor-id=\"994\" class=\"elementor elementor-994\" data-elementor-post-type=\"page\">\n\t\t\t\t<div class=\"elementor-element elementor-element-0a3a453 e-con-full e-flex e-con e-child\" data-id=\"0a3a453\" data-element_type=\"container\" data-e-type=\"container\">\n\t\t\t\t<div class=\"elementor-element elementor-element-45573dd elementor-widget elementor-widget-ltw_rich_text\" data-id=\"45573dd\" data-element_type=\"widget\" data-e-type=\"widget\" data-widget_type=\"ltw_rich_text.default\">\n\t\t\t\t<div class=\"elementor-widget-container\">\n\t\t\t\t\t        <div class=\"ltw-richtext\">\n            <p style=\"font-weight: 400;\"><em>If you decide to sign up with me, we can prepare you for any exam you&#039;d like to take. I have years of experience preparing people of all ages with different goals, and the results have been highly satisfactory.\u00a0<\/em><\/p><p style=\"font-weight: 400;\"><em>Below you can find the most common exams for each language that I have prepared my students for.<\/em><\/p>        <\/div>\n        \t\t\t\t<\/div>\n\t\t\t\t<\/div>\n\t\t\t\t<div class=\"elementor-element elementor-element-36fd05e elementor-widget elementor-widget-heading\" data-id=\"36fd05e\" data-element_type=\"widget\" data-e-type=\"widget\" data-widget_type=\"heading.default\">\n\t\t\t\t\t<h2 class=\"elementor-heading-title elementor-size-default\">French Exams\n\n<\/h2>\t\t\t\t<\/div>\n\t\t<div class=\"elementor-element elementor-element-61b2d17 e-grid e-con-full e-con e-child\" data-id=\"61b2d17\" data-element_type=\"container\" data-e-type=\"container\">\n\t\t<div class=\"elementor-element elementor-element-9d61796 e-con-full e-flex elementor-invisible e-con e-child\" data-id=\"9d61796\" data-element_type=\"container\" data-e-type=\"container\" data-settings=\"{&quot;background_background&quot;:&quot;classic&quot;,&quot;animation&quot;:&quot;fadeIn&quot;}\">\n\t\t<div class=\"elementor-element elementor-element-a9b57db e-con-full e-flex e-con e-child\" data-id=\"a9b57db\" data-element_type=\"container\" data-e-type=\"container\">\n\t\t\t\t<div class=\"elementor-element elementor-element-eac8b2a elementor-widget elementor-widget-heading\" data-id=\"eac8b2a\" data-element_type=\"widget\" data-e-type=\"widget\" data-widget_type=\"heading.default\">\n\t\t\t\t\t<h3 class=\"elementor-heading-title elementor-size-default\">DELF  <span style=\"font-size: 14px;color: gray\">(level A1, A2, B1, B2)<\/span><\/h3>\t\t\t\t<\/div>\n\t\t\t\t<div class=\"elementor-element elementor-element-9de894a elementor-widget elementor-widget-text-editor\" data-id=\"9de894a\" data-element_type=\"widget\" data-e-type=\"widget\" data-widget_type=\"text-editor.default\">\n\t\t\t\t\t\t\t\t\t<p style=\"font-weight: 400;\"><strong>The DELF,\u00a0<em>Dipl\u00f4me d&#039;\u00e9tudes en langue fran\u00e7aise<\/em><\/strong><em>\u00a0<\/em>(Diploma of French Language Studies), is the official international certification\u00a0<strong>issued by\u00a0<\/strong><strong>the French Ministry of National Education<\/strong>, to certify French language skills.<\/p><p style=\"font-weight: 400;\"><strong>General public or school.<\/strong><\/p>\t\t\t\t\t\t\t\t<\/div>\n\t\t\t\t<\/div>\n\t\t\t\t<\/div>\n\t\t<div class=\"elementor-element elementor-element-7730e36 e-con-full e-flex elementor-invisible e-con e-child\" data-id=\"7730e36\" data-element_type=\"container\" data-e-type=\"container\" data-settings=\"{&quot;background_background&quot;:&quot;classic&quot;,&quot;animation&quot;:&quot;fadeIn&quot;}\">\n\t\t<div class=\"elementor-element elementor-element-ef4a50e e-con-full e-flex e-con e-child\" data-id=\"ef4a50e\" data-element_type=\"container\" data-e-type=\"container\">\n\t\t\t\t<div class=\"elementor-element elementor-element-9634704 elementor-widget elementor-widget-heading\" data-id=\"9634704\" data-element_type=\"widget\" data-e-type=\"widget\" data-widget_type=\"heading.default\">\n\t\t\t\t\t<h3 class=\"elementor-heading-title elementor-size-default\">DALF <span style=\"font-size: 14px;color: gray\">(level C1, C2)<\/span><\/h3>\t\t\t\t<\/div>\n\t\t\t\t<div class=\"elementor-element elementor-element-0893455 elementor-widget elementor-widget-text-editor\" data-id=\"0893455\" data-element_type=\"widget\" data-e-type=\"widget\" data-widget_type=\"text-editor.default\">\n\t\t\t\t\t\t\t\t\t<p style=\"font-weight: 400;\"><strong>The DALF,\u00a0<\/strong><strong><em>Dipl\u00f4me approfondi de langue fran\u00e7aise<\/em><\/strong><em>\u00a0<\/em>(Advanced Diploma in French Language)<em>,<strong>\u00a0<\/strong><\/em>\u00a0It is the official international certification\u00a0<strong>issued by the French Ministry of National Education<\/strong>, to certify the French language skills of foreign candidates.<\/p><p style=\"font-weight: 400;\">Adults or young people. Not recommended before age 16.<\/p>\t\t\t\t\t\t\t\t<\/div>\n\t\t\t\t<\/div>\n\t\t\t\t<\/div>\n\t\t<div class=\"elementor-element elementor-element-6e9a5e1 e-con-full e-flex elementor-invisible e-con e-child\" data-id=\"6e9a5e1\" data-element_type=\"container\" data-e-type=\"container\" data-settings=\"{&quot;background_background&quot;:&quot;classic&quot;,&quot;animation&quot;:&quot;fadeIn&quot;}\">\n\t\t<div class=\"elementor-element elementor-element-fa9eb0c e-con-full e-flex e-con e-child\" data-id=\"fa9eb0c\" data-element_type=\"container\" data-e-type=\"container\">\n\t\t\t\t<div class=\"elementor-element elementor-element-c13e21c elementor-widget elementor-widget-heading\" data-id=\"c13e21c\" data-element_type=\"widget\" data-e-type=\"widget\" data-widget_type=\"heading.default\">\n\t\t\t\t\t<h3 class=\"elementor-heading-title elementor-size-default\">TCF<\/h3>\t\t\t\t<\/div>\n\t\t\t\t<div class=\"elementor-element elementor-element-ae053c6 elementor-widget elementor-widget-text-editor\" data-id=\"ae053c6\" data-element_type=\"widget\" data-e-type=\"widget\" data-widget_type=\"text-editor.default\">\n\t\t\t\t\t\t\t\t\t<p style=\"font-weight: 400;\">He\u00a0<strong>TCF,\u00a0<em>French connaissance test<\/em><\/strong>\u00a0(<em>French knowledge test<\/em>The French Ministry of National Education&#039;s language proficiency test assesses competence in French as a general language. It is recognized by the Directorate of Higher Education, university authorities, language training centers, and the professional world.<\/p><p style=\"font-weight: 400;\">The TCF is a language proficiency test that awards a certificate, not a diploma. Like all language tests, the TCF is valid for two years, while diplomas are valid indefinitely.<\/p>\t\t\t\t\t\t\t\t<\/div>\n\t\t\t\t<\/div>\n\t\t\t\t<\/div>\n\t\t<div class=\"elementor-element elementor-element-2da296b e-con-full e-flex elementor-invisible e-con e-child\" data-id=\"2da296b\" data-element_type=\"container\" data-e-type=\"container\" data-settings=\"{&quot;background_background&quot;:&quot;classic&quot;,&quot;animation&quot;:&quot;fadeIn&quot;}\">\n\t\t<div class=\"elementor-element elementor-element-04459c8 e-con-full e-flex e-con e-child\" data-id=\"04459c8\" data-element_type=\"container\" data-e-type=\"container\">\n\t\t\t\t<div class=\"elementor-element elementor-element-791ad0b elementor-widget elementor-widget-heading\" data-id=\"791ad0b\" data-element_type=\"widget\" data-e-type=\"widget\" data-widget_type=\"heading.default\">\n\t\t\t\t\t<h3 class=\"elementor-heading-title elementor-size-default\">Language School<\/h3>\t\t\t\t<\/div>\n\t\t\t\t<div class=\"elementor-element elementor-element-5349526 elementor-widget elementor-widget-text-editor\" data-id=\"5349526\" data-element_type=\"widget\" data-e-type=\"widget\" data-widget_type=\"text-editor.default\">\n\t\t\t\t\t\t\t\t\t<p style=\"font-weight: 400;\">Official language schools issue\u00a0<b>official certificates for the levels Basic A1 and Basic A2, Intermediate B1 and Intermediate B2, Advanced C1 and Advanced C2<\/b>. Official certificates registered in the Central Register of Titles are valid, for all purposes, throughout the national territory.<\/p>\t\t\t\t\t\t\t\t<\/div>\n\t\t\t\t<\/div>\n\t\t\t\t<\/div>\n\t\t\t\t<\/div>\n\t\t\t\t<div class=\"elementor-element elementor-element-1d08bbf elementor-widget elementor-widget-heading\" data-id=\"1d08bbf\" data-element_type=\"widget\" data-e-type=\"widget\" data-widget_type=\"heading.default\">\n\t\t\t\t\t<h2 class=\"elementor-heading-title elementor-size-default\">English Exams\n\n<\/h2>\t\t\t\t<\/div>\n\t\t<div class=\"elementor-element elementor-element-493bee0 e-grid e-con-full e-con e-child\" data-id=\"493bee0\" data-element_type=\"container\" data-e-type=\"container\">\n\t\t<div class=\"elementor-element elementor-element-5c9dab2 e-con-full e-flex elementor-invisible e-con e-child\" data-id=\"5c9dab2\" data-element_type=\"container\" data-e-type=\"container\" data-settings=\"{&quot;background_background&quot;:&quot;classic&quot;,&quot;animation&quot;:&quot;fadeIn&quot;}\">\n\t\t<div class=\"elementor-element elementor-element-a0f596f e-con-full e-flex e-con e-child\" data-id=\"a0f596f\" data-element_type=\"container\" data-e-type=\"container\">\n\t\t\t\t<div class=\"elementor-element elementor-element-5042e06 elementor-widget elementor-widget-heading\" data-id=\"5042e06\" data-element_type=\"widget\" data-e-type=\"widget\" data-widget_type=\"heading.default\">\n\t\t\t\t\t<h3 class=\"elementor-heading-title elementor-size-default\">Official Cambridge exams<\/h3>\t\t\t\t<\/div>\n\t\t\t\t<div class=\"elementor-element elementor-element-f8f48ca elementor-widget elementor-widget-text-editor\" data-id=\"f8f48ca\" data-element_type=\"widget\" data-e-type=\"widget\" data-widget_type=\"text-editor.default\">\n\t\t\t\t\t\t\t\t\t<p style=\"font-weight: 400;\">These are the most sought-after exams for obtaining a globally recognized diploma that certifies English language proficiency. From level A1 to level C1 (KET, PET, First Certificate, Advanced).<\/p><p style=\"font-weight: 400;\">General public or school.<\/p>\t\t\t\t\t\t\t\t<\/div>\n\t\t\t\t<\/div>\n\t\t\t\t<\/div>\n\t\t<div class=\"elementor-element elementor-element-eb50578 e-con-full e-flex elementor-invisible e-con e-child\" data-id=\"eb50578\" data-element_type=\"container\" data-e-type=\"container\" data-settings=\"{&quot;background_background&quot;:&quot;classic&quot;,&quot;animation&quot;:&quot;fadeIn&quot;}\">\n\t\t<div class=\"elementor-element elementor-element-93efe46 e-con-full e-flex e-con e-child\" data-id=\"93efe46\" data-element_type=\"container\" data-e-type=\"container\">\n\t\t\t\t<div class=\"elementor-element elementor-element-7f57a77 elementor-widget elementor-widget-heading\" data-id=\"7f57a77\" data-element_type=\"widget\" data-e-type=\"widget\" data-widget_type=\"heading.default\">\n\t\t\t\t\t<h3 class=\"elementor-heading-title elementor-size-default\">Language School<\/h3>\t\t\t\t<\/div>\n\t\t\t\t<div class=\"elementor-element elementor-element-859860c elementor-widget elementor-widget-text-editor\" data-id=\"859860c\" data-element_type=\"widget\" data-e-type=\"widget\" data-widget_type=\"text-editor.default\">\n\t\t\t\t\t\t\t\t\t<p style=\"font-weight: 400;\">Official language schools issue\u00a0<strong>official certificates for the levels Basic A1 and Basic A2, Intermediate B1 and Intermediate B2, Advanced C1 and Advanced C2<\/strong>. Official certificates registered in the Central Register of Titles are valid, for all purposes, throughout the national territory.<\/p>\t\t\t\t\t\t\t\t<\/div>\n\t\t\t\t<\/div>\n\t\t\t\t<\/div>\n\t\t\t\t<\/div>\n\t\t\t\t<div class=\"elementor-element elementor-element-edeb982 elementor-widget elementor-widget-heading\" data-id=\"edeb982\" data-element_type=\"widget\" data-e-type=\"widget\" data-widget_type=\"heading.default\">\n\t\t\t\t\t<h2 class=\"elementor-heading-title elementor-size-default\">Spanish Exams<\/h2>\t\t\t\t<\/div>\n\t\t<div class=\"elementor-element elementor-element-3e9c7c2 e-grid e-con-full e-con e-child\" data-id=\"3e9c7c2\" data-element_type=\"container\" data-e-type=\"container\">\n\t\t<div class=\"elementor-element elementor-element-9129ba2 e-con-full e-flex elementor-invisible e-con e-child\" data-id=\"9129ba2\" data-element_type=\"container\" data-e-type=\"container\" data-settings=\"{&quot;background_background&quot;:&quot;classic&quot;,&quot;animation&quot;:&quot;fadeIn&quot;}\">\n\t\t<div class=\"elementor-element elementor-element-c5cd38c e-con-full e-flex e-con e-child\" data-id=\"c5cd38c\" data-element_type=\"container\" data-e-type=\"container\">\n\t\t\t\t<div class=\"elementor-element elementor-element-a6e94d1 elementor-widget elementor-widget-heading\" data-id=\"a6e94d1\" data-element_type=\"widget\" data-e-type=\"widget\" data-widget_type=\"heading.default\">\n\t\t\t\t\t<h3 class=\"elementor-heading-title elementor-size-default\">DELE<\/h3>\t\t\t\t<\/div>\n\t\t\t\t<div class=\"elementor-element elementor-element-55c6c09 elementor-widget elementor-widget-text-editor\" data-id=\"55c6c09\" data-element_type=\"widget\" data-e-type=\"widget\" data-widget_type=\"text-editor.default\">\n\t\t\t\t\t\t\t\t\t<p style=\"font-weight: 400;\">He\u00a0<strong>DELE,<\/strong><strong><em>\u00a0Diploma in Spanish Language Studies,<\/em><\/strong><em>\u00a0<\/em>It is the official international certification\u00a0<strong>issued by\u00a0<\/strong><strong>the French Ministry of National Education<\/strong>, To certify proficiency in French. It is the equivalent of the French DELF for Spanish.<\/p>\t\t\t\t\t\t\t\t<\/div>\n\t\t\t\t<\/div>\n\t\t\t\t<\/div>\n\t\t\t\t<\/div>\n\t\t\t\t<\/div>\n\t\t\t\t<\/div>","protected":false},"excerpt":{"rendered":"<p>Si decides darte de alta conmigo podremos preparar cualquier examen al que te interesar\u00eda presentarte. Llevo a\u00f1os preparando a personas de todas edades con diferentes objetivos y los resultados obtenidos han sido altamente satisfactorios.\u00a0 Puedes consultar m\u00e1s abajo los ex\u00e1menes m\u00e1s frecuentes por cada idioma para los cuales he preparado mis alumnos. Ex\u00e1menes de Franc\u00e9s [&hellip;]<\/p>\n","protected":false},"author":2,"featured_media":0,"parent":0,"menu_order":0,"comment_status":"closed","ping_status":"closed","template":"","meta":{"_acf_changed":false,"footnotes":""},"class_list":["post-994","page","type-page","status-publish","hentry"],"acf":[],"_links":{"self":[{"href":"https:\/\/acidiomas.com\/en\/wp-json\/wp\/v2\/pages\/994","targetHints":{"allow":["GET"]}}],"collection":[{"href":"https:\/\/acidiomas.com\/en\/wp-json\/wp\/v2\/pages"}],"about":[{"href":"https:\/\/acidiomas.com\/en\/wp-json\/wp\/v2\/types\/page"}],"author":[{"embeddable":true,"href":"https:\/\/acidiomas.com\/en\/wp-json\/wp\/v2\/users\/2"}],"replies":[{"embeddable":true,"href":"https:\/\/acidiomas.com\/en\/wp-json\/wp\/v2\/comments?post=994"}],"version-history":[{"count":10,"href":"https:\/\/acidiomas.com\/en\/wp-json\/wp\/v2\/pages\/994\/revisions"}],"predecessor-version":[{"id":1615,"href":"https:\/\/acidiomas.com\/en\/wp-json\/wp\/v2\/pages\/994\/revisions\/1615"}],"wp:attachment":[{"href":"https:\/\/acidiomas.com\/en\/wp-json\/wp\/v2\/media?parent=994"}],"curies":[{"name":"wp","href":"https:\/\/api.w.org\/{rel}","templated":true}]}}