{"id":2008,"date":"2026-04-08T10:24:33","date_gmt":"2026-04-08T10:24:33","guid":{"rendered":"https:\/\/acidiomas.com\/politica-de-cookies\/"},"modified":"2026-04-08T10:52:52","modified_gmt":"2026-04-08T10:52:52","slug":"politica-de-cookies","status":"publish","type":"page","link":"https:\/\/acidiomas.com\/en\/politica-de-cookies\/","title":{"rendered":"Cookie Policy"},"content":{"rendered":"<h5>What are cookies?<\/h5>\n<p>Cookies are small data files that are received on your device from the website you visit. They are used to record certain browsing interactions on a website by storing data that can be updated and retrieved. These files are stored on the user&#039;s computer and contain anonymous data that is not harmful to their device. They are used to remember user preferences, such as the selected language, login details, or page customization.<\/p>\n<p>Cookies can also be used to record anonymous information about how a visitor uses a site. For example, which webpage they came from, or whether they used an advertising banner to get there.<\/p>\n<h5>Why do we use cookies?<\/h5>\n<p><strong><em>Aur\u00e9lien Pierre Marie Caillaud<\/em><\/strong> We use cookies that are strictly necessary and essential for you to use our websites and allow you to move freely, use secure areas, personalized options, etc. Furthermore, <strong><em>Aur\u00e9lien Pierre Marie Caillaud<\/em><\/strong> This website uses cookies that collect data related to website usage analysis. These are used to help improve customer service by measuring website usage and performance in order to optimize and personalize it.<\/p>\n<p>The cookies on this website help to:<\/p>\n<ul>\n<li>Make it work properly<\/li>\n<li>Save time by not having to log in every time you access the website<\/li>\n<li>Remind him of his settings<\/li>\n<li>Allow you to view videos<\/li>\n<li>Improve website speed and security<\/li>\n<li>Being able to share website content on social media<\/li>\n<li>Continuously improve the website<\/li>\n<li>Show you ads based on your browsing habits on the website.<\/li>\n<\/ul>\n<h5>What use do we make of the different types of cookies?<\/h5>\n<p><strong>Session cookies:<\/strong> Session cookies are those that last for the time the user is browsing the website and are deleted when the session ends.<\/p>\n<p><strong>Persistent cookies:<\/strong> These cookies are stored on the user&#039;s device for a longer period of time, thus facilitating the control of chosen preferences without having to repeat certain parameters each time the website is visited.<\/p>\n<p><strong>First-party cookies:<\/strong> These are cookies created by this website and only readable by the website itself. For example: technical cookies for loading images, cookies for customizing website settings, traffic analysis cookies, etc.<\/p>\n<p><strong>Third-party cookies:<\/strong> These are cookies created by third parties and that we use for different services (e.g., website analytics or advertising).<\/p>\n<p>According to their purpose:<\/p>\n<p><strong>Technical cookies:<\/strong> Technical cookies are those that are essential and strictly necessary for the proper functioning of a website and the use of its various options and services. For example, those used for session maintenance, response time management, performance or option validation, security features, sharing content with social networks, etc.<\/p>\n<p><strong>Personalization cookies:<\/strong> These cookies allow the user to specify or customize some features of the general options of the website, for example, setting the language, regional settings or browser type.<\/p>\n<p><strong>Analytical cookies:<\/strong> Analytical cookies are used by our website to create browsing profiles and understand user preferences in order to improve our product and service offerings. For example, an analytical cookie might track a user&#039;s areas of greatest interest, the most popular product, and so on.<\/p>\n<p><strong>Advertising cookies:<\/strong> Advertising cookies allow the management of advertising spaces based on specific criteria, such as access frequency and content viewed. Through advertising management, these cookies store behavioral information by observing browsing habits, analyzing access patterns, and creating a user preference profile to deliver advertising relevant to the user&#039;s interests.<\/p>\n<h5>Third-party cookies used on this website<\/h5>\n<p>This website includes features provided by third parties that install their own cookies.<\/p>\n<p>It is important to know that these are temporary cookies, which we cannot always inform you about, and that they are used solely for research and evaluation purposes. Under no circumstances will cookies be used that compromise your privacy.<\/p>\n<p>The most stable third-party cookies it uses <strong><em>Aur\u00e9lien Pierre Marie Caillaud<\/em><\/strong> on this website they are:<\/p>\n<ul>\n<li><strong>Google Analytics<\/strong>, un servicio anal\u00edtico de web prestado por Google, Inc. con domicilio en los Estados Unidos con sede central en 1600 Amphitheatre Parkway, Mountain View, California 94043. Para la prestaci\u00f3n de estos servicios, estos utilizan cookies que recopilan la informaci\u00f3n, incluida la direcci\u00f3n IP del usuario, que ser\u00e1 transmitida, tratada y almacenada por Google en los t\u00e9rminos fijados en la Web Google.com. Incluyendo la posible transmisi\u00f3n de dicha informaci\u00f3n a terceros por razones de exigencia legal o cuando dichos terceros procesen la informaci\u00f3n por cuenta de Google.<\/li>\n<\/ul>\n<table width=\"100%\">\n<tbody>\n<tr>\n<td width=\"30%\">NAME<\/td>\n<td width=\"24%\">DEFAULT DURATION<\/td>\n<td width=\"43%\">PURPOSE AND DOMAIN<\/td>\n<\/tr>\n<tr>\n<td width=\"30%\">__ut__utma, __utmb, __utmc, __utmz<\/td>\n<td width=\"24%\">2 years from the date of setup or update<\/td>\n<td width=\"43%\">Google Analytics allows you to analyze web traffic and obtain browsing statistics. <a href=\"http:\/\/www.google.com\/analytics\/\">More information<\/a>.<\/td>\n<\/tr>\n<\/tbody>\n<\/table>\n<ul>\n<li><strong>WordPress<\/strong>, This website is hosted on the platform [platform name], which is owned by the American company Automattic, Inc. Therefore, the cookies used by the platform will never be under the control or management of the website owner.<\/li>\n<\/ul>\n<table width=\"100%\">\n<tbody>\n<tr>\n<td width=\"30%\">NAME<\/td>\n<td width=\"25%\">DEFAULT DURATION<\/td>\n<td width=\"44%\">PURPOSE AND DOMAIN<\/td>\n<\/tr>\n<tr>\n<td width=\"30%\">Cookie: __qca<\/td>\n<td width=\"25%\">2 years from the date of setup or update<\/td>\n<td width=\"44%\">WordPress: Allows you to analyze website traffic and inevitably installs a statistics cookie on all its users that tracks and stores their IP address in a US company (Automaticc) through a third party (Quantcast). Yours is a cookie generally associated with Quantcast, they provide website rankings, and the data they collect is also used for audience segmentation.<\/td>\n<\/tr>\n<\/tbody>\n<\/table>\n<ul>\n<li><strong>Social media cookies<\/strong>, which can be stored on your computer, for example, when you use the share button on this website to share content on a social network.<\/li>\n<\/ul>\n<p>The companies that generate these cookies have their own cookie policies:<\/p>\n<ul>\n<li><a href=\"https:\/\/www.facebook.com\/policies\/cookies\/\">Facebook Cookies<\/a><\/li>\n<li><a href=\"https:\/\/support.twitter.com\/articles\/20170521\">Twitter Cookies<\/a><\/li>\n<li><a href=\"https:\/\/www.linkedin.com\/legal\/cookie_policy\">LinkedIn Cookies<\/a><\/li>\n<\/ul>\n<h5>How can I change my cookie settings?<\/h5>\n<p>You can allow, block, or delete cookies installed on your computer by configuring the options of the browser installed on your computer.<\/p>\n<p>Below you can access the settings of the most common web browsers to accept, install or disable cookies:<\/p>\n<p><a href=\"http:\/\/support.google.com\/chrome\/bin\/answer.py?hl=es-419&amp;answer=95647\">Google Chrome<\/a> \u2013 <a href=\"http:\/\/windows.microsoft.com\/es-xl\/internet-explorer\/delete-manage-cookies#ie=ie-10\">Internet Explorer<\/a> \u2013 <a href=\"http:\/\/support.mozilla.org\/es\/kb\/habilitar-y-deshabilitar-cookies-que-los-sitios-we\">Mozilla Firefox<\/a> \u2013 <a href=\"http:\/\/support.apple.com\/kb\/HT1677?viewlocale=es_ES%20%97%20http:\/\/support.apple.com\/kb\/ph5042\">Apple Safari<\/a><\/p>\n<p>By disabling or deleting cookies, parts of the Website will not function or the quality of the website may be affected.<\/p>\n<p>If you have any questions about this cookie policy, you can contact us. <strong><em>Aur\u00e9lien Pierre Marie Caillaud<\/em><\/strong> in <a href=\"mailto:lepoun@hotmail.com\">lepoun@hotmail.com<\/a><\/p>\n<h5>Where can I get more information?<\/h5>\n<p>You can find more information about cookies in <a href=\"http:\/\/www.allaboutcookies.org\/\">www.allaboutcookies.org<\/a> o <a href=\"http:\/\/www.youronlinechoices.eu\/\">www.youronlinechoices.eu<\/a><\/p>\n<p><em>Last updated: April 8, 2026<\/em><\/p>","protected":false},"excerpt":{"rendered":"<p>\u00bfQu\u00e9 son las cookies? Las cookies son peque\u00f1os archivos de datos que se reciben en el terminal desde el sitio Web visitado y se usan para registrar ciertas interacciones de la navegaci\u00f3n en un sitio Web almacenando datos que podr\u00e1n ser actualizados y recuperados. Estos archivos se almacenan en el ordenador del usuario y contiene [&hellip;]<\/p>\n","protected":false},"author":2,"featured_media":0,"parent":0,"menu_order":0,"comment_status":"closed","ping_status":"closed","template":"","meta":{"_acf_changed":false,"footnotes":""},"class_list":["post-2008","page","type-page","status-publish","hentry"],"acf":[],"_links":{"self":[{"href":"https:\/\/acidiomas.com\/en\/wp-json\/wp\/v2\/pages\/2008","targetHints":{"allow":["GET"]}}],"collection":[{"href":"https:\/\/acidiomas.com\/en\/wp-json\/wp\/v2\/pages"}],"about":[{"href":"https:\/\/acidiomas.com\/en\/wp-json\/wp\/v2\/types\/page"}],"author":[{"embeddable":true,"href":"https:\/\/acidiomas.com\/en\/wp-json\/wp\/v2\/users\/2"}],"replies":[{"embeddable":true,"href":"https:\/\/acidiomas.com\/en\/wp-json\/wp\/v2\/comments?post=2008"}],"version-history":[{"count":1,"href":"https:\/\/acidiomas.com\/en\/wp-json\/wp\/v2\/pages\/2008\/revisions"}],"predecessor-version":[{"id":2015,"href":"https:\/\/acidiomas.com\/en\/wp-json\/wp\/v2\/pages\/2008\/revisions\/2015"}],"wp:attachment":[{"href":"https:\/\/acidiomas.com\/en\/wp-json\/wp\/v2\/media?parent=2008"}],"curies":[{"name":"wp","href":"https:\/\/api.w.org\/{rel}","templated":true}]}}